{"id":2142,"date":"2026-02-05T15:33:23","date_gmt":"2026-02-05T14:33:23","guid":{"rendered":"https:\/\/ekoplast.velourdesign.pl\/?post_type=product&#038;p=2142"},"modified":"2026-02-05T15:33:27","modified_gmt":"2026-02-05T14:33:27","slug":"antybakteryjne-mydlo-zapas-5-l-polskie-zapach","status":"publish","type":"product","link":"https:\/\/ekoplast.info.pl\/?product=antybakteryjne-mydlo-zapas-5-l-polskie-zapach","title":{"rendered":"Antybakteryjne myd\u0142o zapas 5 L polskie zapach"},"content":{"rendered":"<section class=\"section\">\n<div class=\"item item-6\">\n<section class=\"image-item\"><img decoding=\"async\" src=\"https:\/\/upload.cdn.baselinker.com\/products\/5003952\/9a827f66a9439cc1b285a44d372bcac2.jpg\"><\/section>\n<\/p><\/div>\n<div class=\"item item-6\">\n<section class=\"text-item\">\n<h2>Myd\u0142o antybakteryjne Rosa 5 L o delikatnym zapachu<\/h2>\n<h2>Myd\u0142o jest w butelkach PET 5L<\/h2>\n<h2>Z dodatkiem \u015brodka antybakteryjnego.<\/h2>\n<h2>Formu\u0142a myd\u0142a zosta\u0142a wzbogacona o kompleks witamin A, E, F i gliceryn\u0119.<\/h2>\n<h2>Posiada pH neutralne dla sk\u00f3ry.<\/h2>\n<h2>Spos\u00f3b u\u017cycia:<\/h2>\n<h2>Niewielk\u0105 ilo\u015b\u0107 myd\u0142a rozprowadzi\u0107 na wilgotnej sk\u00f3rze, masowa\u0107 do utworzenia piany, nast\u0119pnie sp\u0142uka\u0107 wod\u0105.<\/h2>\n<h2>Zapach: Sensitive<\/h2>\n<\/section><\/div>\n<\/section>\n","protected":false},"excerpt":{"rendered":"<p>&#8230;<\/p>\n","protected":false},"featured_media":2172,"comment_status":"open","ping_status":"closed","template":"","meta":[],"etheme_brands":[],"product_brand":[],"product_cat":[49],"product_tag":[],"class_list":{"0":"post-2142","1":"product","2":"type-product","3":"status-publish","4":"has-post-thumbnail","6":"product_cat-supermarket-utrzymanie-czystosci-chemia-gospodarcza-mydla","8":"first","9":"instock","10":"shipping-taxable","11":"purchasable","12":"product-type-simple"},"_links":{"self":[{"href":"https:\/\/ekoplast.info.pl\/index.php?rest_route=\/wp\/v2\/product\/2142","targetHints":{"allow":["GET"]}}],"collection":[{"href":"https:\/\/ekoplast.info.pl\/index.php?rest_route=\/wp\/v2\/product"}],"about":[{"href":"https:\/\/ekoplast.info.pl\/index.php?rest_route=\/wp\/v2\/types\/product"}],"replies":[{"embeddable":true,"href":"https:\/\/ekoplast.info.pl\/index.php?rest_route=%2Fwp%2Fv2%2Fcomments&post=2142"}],"version-history":[{"count":1,"href":"https:\/\/ekoplast.info.pl\/index.php?rest_route=\/wp\/v2\/product\/2142\/revisions"}],"predecessor-version":[{"id":2173,"href":"https:\/\/ekoplast.info.pl\/index.php?rest_route=\/wp\/v2\/product\/2142\/revisions\/2173"}],"wp:featuredmedia":[{"embeddable":true,"href":"https:\/\/ekoplast.info.pl\/index.php?rest_route=\/wp\/v2\/media\/2172"}],"wp:attachment":[{"href":"https:\/\/ekoplast.info.pl\/index.php?rest_route=%2Fwp%2Fv2%2Fmedia&parent=2142"}],"wp:term":[{"taxonomy":"brand","embeddable":true,"href":"https:\/\/ekoplast.info.pl\/index.php?rest_route=%2Fwp%2Fv2%2Fetheme_brands&post=2142"},{"taxonomy":"product_brand","embeddable":true,"href":"https:\/\/ekoplast.info.pl\/index.php?rest_route=%2Fwp%2Fv2%2Fproduct_brand&post=2142"},{"taxonomy":"product_cat","embeddable":true,"href":"https:\/\/ekoplast.info.pl\/index.php?rest_route=%2Fwp%2Fv2%2Fproduct_cat&post=2142"},{"taxonomy":"product_tag","embeddable":true,"href":"https:\/\/ekoplast.info.pl\/index.php?rest_route=%2Fwp%2Fv2%2Fproduct_tag&post=2142"}],"curies":[{"name":"wp","href":"https:\/\/api.w.org\/{rel}","templated":true}]}}