{"id":2412,"date":"2026-02-05T15:37:46","date_gmt":"2026-02-05T14:37:46","guid":{"rendered":"https:\/\/ekoplast.velourdesign.pl\/?post_type=product&#038;p=2412"},"modified":"2026-02-05T15:41:22","modified_gmt":"2026-02-05T14:41:22","slug":"torby-torebki-worki-papierowe-faldowe-18x7x375","status":"publish","type":"product","link":"https:\/\/ekoplast.info.pl\/?product=torby-torebki-worki-papierowe-faldowe-18x7x375","title":{"rendered":"TORBY TOREBKI WORKI PAPIEROWE FA\u0141DOWE 18x7x37,5"},"content":{"rendered":"<section class=\"section\">\n<div class=\"item item-6\">\n<section class=\"image-item\"><img decoding=\"async\" src=\"https:\/\/upload.cdn.baselinker.com\/products\/5003952\/8a938c9936df985e2e9694c1c07a5926.jpg\"><\/section>\n<\/p><\/div>\n<div class=\"item item-6\">\n<section class=\"text-item\">\n<p>Torebki papierowe fa\u0142dowe&nbsp;<b>17 x 6 x 37,5 cm &#8211; 250 szt<\/b><\/p>\n<p><b>Najtaniej na allegro<\/b><\/p>\n<p>Szeroko\u015b\u0107 &#8211; 17 cm<\/p>\n<p>Bok &#8211; 6 cm<\/p>\n<p>D\u0142ugo\u015b\u0107 &#8211; 37,5 cm<\/p>\n<p>Torebki wykonane z bia\u0142ego p\u00f3\u0142pergaminu o gramaturze 30 g.<\/p>\n<p>Szacunkowa pojemno\u015b\u0107 ok. 2,5 kg.<\/p>\n<p>Doskona\u0142e do pakowania pieczywa, kanapek, ciastek, cukierk\u00f3w.<\/p>\n<p>Dopuszczone do kontaktu z \u017cywno\u015bci\u0105.<\/p>\n<\/section><\/div>\n<\/section>\n","protected":false},"excerpt":{"rendered":"<p>&#8230;<\/p>\n","protected":false},"featured_media":2526,"comment_status":"open","ping_status":"closed","template":"","meta":[],"etheme_brands":[],"product_brand":[],"product_cat":[61],"product_tag":[],"class_list":{"0":"post-2412","1":"product","2":"type-product","3":"status-publish","4":"has-post-thumbnail","6":"product_cat-biuro-i-reklama-pakowanie-i-wysylka-torby-papierowe","8":"first","9":"instock","10":"shipping-taxable","11":"purchasable","12":"product-type-simple"},"_links":{"self":[{"href":"https:\/\/ekoplast.info.pl\/index.php?rest_route=\/wp\/v2\/product\/2412","targetHints":{"allow":["GET"]}}],"collection":[{"href":"https:\/\/ekoplast.info.pl\/index.php?rest_route=\/wp\/v2\/product"}],"about":[{"href":"https:\/\/ekoplast.info.pl\/index.php?rest_route=\/wp\/v2\/types\/product"}],"replies":[{"embeddable":true,"href":"https:\/\/ekoplast.info.pl\/index.php?rest_route=%2Fwp%2Fv2%2Fcomments&post=2412"}],"version-history":[{"count":1,"href":"https:\/\/ekoplast.info.pl\/index.php?rest_route=\/wp\/v2\/product\/2412\/revisions"}],"predecessor-version":[{"id":2527,"href":"https:\/\/ekoplast.info.pl\/index.php?rest_route=\/wp\/v2\/product\/2412\/revisions\/2527"}],"wp:featuredmedia":[{"embeddable":true,"href":"https:\/\/ekoplast.info.pl\/index.php?rest_route=\/wp\/v2\/media\/2526"}],"wp:attachment":[{"href":"https:\/\/ekoplast.info.pl\/index.php?rest_route=%2Fwp%2Fv2%2Fmedia&parent=2412"}],"wp:term":[{"taxonomy":"brand","embeddable":true,"href":"https:\/\/ekoplast.info.pl\/index.php?rest_route=%2Fwp%2Fv2%2Fetheme_brands&post=2412"},{"taxonomy":"product_brand","embeddable":true,"href":"https:\/\/ekoplast.info.pl\/index.php?rest_route=%2Fwp%2Fv2%2Fproduct_brand&post=2412"},{"taxonomy":"product_cat","embeddable":true,"href":"https:\/\/ekoplast.info.pl\/index.php?rest_route=%2Fwp%2Fv2%2Fproduct_cat&post=2412"},{"taxonomy":"product_tag","embeddable":true,"href":"https:\/\/ekoplast.info.pl\/index.php?rest_route=%2Fwp%2Fv2%2Fproduct_tag&post=2412"}],"curies":[{"name":"wp","href":"https:\/\/api.w.org\/{rel}","templated":true}]}}